{"id":24,"date":"2017-10-24T13:04:06","date_gmt":"2017-10-24T10:04:06","guid":{"rendered":"https:\/\/ideareppu.mobiesmart.fi\/fi\/?page_id=24"},"modified":"2018-10-08T18:36:50","modified_gmt":"2018-10-08T15:36:50","slug":"etusivu","status":"publish","type":"page","link":"https:\/\/ideareppu.mobiesmart.fi\/fi\/","title":{"rendered":"Ideareppu"},"content":{"rendered":"<h3><em>Toiminnallisia ideoita esi- ja alkuopetukseen<\/em><\/h3>\n<p>Ideareppu-kurssikokonaisuus koostuu kuudesta repusta.\u00a0Ne ovat Matikkareppu, Suomen kielen reppu, Ympp\u00e4reppu ja Enkkureppu (varhennettu kielenopetus).\u00a0Reppujen kursseista\u00a0esi- ja alkuopetuksen opettajat saavat vinkkej\u00e4 toiminnallisen opetuksen suunnittelun ja toteuttamisen tueksi. Kurssien materiaali on sovellettavissa my\u00f6s 3-6 \u2013luokille. Kurssit voi suorittaa my\u00f6hemmin my\u00f6s englanniksi. Kurssireppujen lis\u00e4ksi Ideareppuun kuuluvat Teemareppu ja Open reppu.<\/p>\n<p>Kurssit koostuvat toiminnallisista ideoista, joita voi k\u00e4ytt\u00e4\u00e4 sellaisenaan tai yhdist\u00e4\u00e4 kokonaisuuksiksi. Ideoissa on\u00a0k\u00e4ytetty\u00a0monipuolisia v\u00e4lineit\u00e4, toimintatapoja ja oppimisymp\u00e4rist\u00f6j\u00e4. \u00a0Lis\u00e4ksi aineistoissa on aihekokonaisuuksia. Kursseissa on paljon tulostettavaa materiaalia, esimerkiksi\u00a0toimintakortteja, pelipohjia ja\u00a0ohjeita toimintapisteille.<\/p>\n<p>Keskeist\u00e4 Idearepun toimintaideoissa on oppilaiden osallisuus ja vuorovaikutus. Kurssien ideat ovat oppilaita innostavia ja helppoja toteuttaa. Ne tukevat oppikirjaty\u00f6skentely\u00e4 ja monipuolistavat opetusta. Oppilaat oppivat toiminnallisella tavalla, liikkuvat ja pohtivat.<\/p>\n<p>Reppujen kurssivalikoima avautuu ja t\u00e4ydentyy v\u00e4hitellen. Ensimm\u00e4isi\u00e4 kursseja julkaistaan syksyll\u00e4 2018. Opettaja voi valita itselle sopivat kurssit. Lis\u00e4tietoja saat Idearepun kotisivulta <a href=\"https:\/\/ideareppu.fi\/\">ideareppu.fi<\/a>.<\/p>\n<h4>Iearepun kurssien suunnittelijat<\/h4>\n<p>Olemme luokanopettajat Teija Kauppi KM ja Eija Leskinen KM, draamapedagogi ja tietokirjailija. Olemme kouluttaneet opettajia, kerho-, aamu- ja iltap\u00e4iv\u00e4toiminnan ohjaajia. Ty\u00f6ss\u00e4mme olemme ideoineet ja toteuttaneet useita monialaisia kokonaisuuksia mm. Suomen kulttuurirahaston apurahan turvin. Lis\u00e4ksi olemme kehitt\u00e4neet koulujen oppimisymp\u00e4rist\u00f6j\u00e4, kerho- ja kulttuuritoimintaa. Toiminnallinen oppiminen on ollut aina osa opetustamme, noin kolmenkymmenen vuoden ajan. Olemme havainneet, ett\u00e4 se motivoi ja innostaa oppilaita oppimaan. Uuden asian omaksuminen helpottuu, kun se tapahtuu leikkien, pelaten ja liikkuen. Toivomme, ett\u00e4 kurssimme innostaisi ja rohkaisisi yh\u00e4 useampaa opettajaa kokeilemaan toiminnallisia opetusmenetelmi\u00e4. Niille, joille toiminnallisuus on jo osa opetusta, haluamme jakaa uusia ideoita koulup\u00e4ivien iloksi ja hy\u00f6dyksi.<\/p>\n<p><strong>Tervetuloa toiminnallisen oppimisen maailmaan! Reppu selk\u00e4\u00e4n ja menoksi!<\/strong><\/p>\n<p>Toivottavat Teija ja Eija<\/p>\n<p><img loading=\"lazy\" decoding=\"async\" class=\"alignleft size-medium wp-image-5594\" src=\"https:\/\/ideareppu.mobiesmart.fi\/fi\/wp-content\/uploads\/sites\/2\/2018\/03\/Ideareppu-logo-versio-3c-300x78.jpg\" alt=\"\" width=\"300\" height=\"78\" srcset=\"https:\/\/ideareppu.mobiesmart.fi\/fi\/wp-content\/uploads\/sites\/2\/2018\/03\/Ideareppu-logo-versio-3c-300x78.jpg 300w, https:\/\/ideareppu.mobiesmart.fi\/fi\/wp-content\/uploads\/sites\/2\/2018\/03\/Ideareppu-logo-versio-3c-768x198.jpg 768w, https:\/\/ideareppu.mobiesmart.fi\/fi\/wp-content\/uploads\/sites\/2\/2018\/03\/Ideareppu-logo-versio-3c-1024x265.jpg 1024w, https:\/\/ideareppu.mobiesmart.fi\/fi\/wp-content\/uploads\/sites\/2\/2018\/03\/Ideareppu-logo-versio-3c-252x65.jpg 252w, https:\/\/ideareppu.mobiesmart.fi\/fi\/wp-content\/uploads\/sites\/2\/2018\/03\/Ideareppu-logo-versio-3c-522x135.jpg 522w, https:\/\/ideareppu.mobiesmart.fi\/fi\/wp-content\/uploads\/sites\/2\/2018\/03\/Ideareppu-logo-versio-3c-792x205.jpg 792w, https:\/\/ideareppu.mobiesmart.fi\/fi\/wp-content\/uploads\/sites\/2\/2018\/03\/Ideareppu-logo-versio-3c-1062x274.jpg 1062w, https:\/\/ideareppu.mobiesmart.fi\/fi\/wp-content\/uploads\/sites\/2\/2018\/03\/Ideareppu-logo-versio-3c-624x161.jpg 624w, https:\/\/ideareppu.mobiesmart.fi\/fi\/wp-content\/uploads\/sites\/2\/2018\/03\/Ideareppu-logo-versio-3c-100x26.jpg 100w, https:\/\/ideareppu.mobiesmart.fi\/fi\/wp-content\/uploads\/sites\/2\/2018\/03\/Ideareppu-logo-versio-3c-750x194.jpg 750w, https:\/\/ideareppu.mobiesmart.fi\/fi\/wp-content\/uploads\/sites\/2\/2018\/03\/Ideareppu-logo-versio-3c-2048x529.jpg 2048w\" sizes=\"auto, (max-width: 300px) 100vw, 300px\" \/><a href=\"https:\/\/ideareppu.fi\/\">ideareppu.fi<\/a><\/p>\n<p><a href=\"https:\/\/finnishactivelearning.com\/\">finnishactivelearning.com<\/a><\/p>\n<p>ideareppu@gmail.com<\/p>\n","protected":false},"excerpt":{"rendered":"<p>Toiminnallisia ideoita esi- ja alkuopetukseen Ideareppu-kurssikokonaisuus koostuu kuudesta repusta.\u00a0Ne ovat Matikkareppu, Suomen kielen reppu, Ympp\u00e4reppu ja Enkkureppu (varhennettu kielenopetus).\u00a0Reppujen kursseista\u00a0esi- ja alkuopetuksen opettajat saavat vinkkej\u00e4 toiminnallisen opetuksen suunnittelun ja toteuttamisen tueksi. Kurssien materiaali on sovellettavissa my\u00f6s 3-6 \u2013luokille. Kurssit voi suorittaa my\u00f6hemmin my\u00f6s englanniksi. Kurssireppujen lis\u00e4ksi Ideareppuun kuuluvat Teemareppu ja Open reppu. Kurssit koostuvat toiminnallisista [&hellip;]<\/p>\n","protected":false},"author":1,"featured_media":0,"parent":0,"menu_order":0,"comment_status":"closed","ping_status":"closed","template":"","meta":{"footnotes":""},"class_list":["post-24","page","type-page","status-publish","hentry","user-has-not-earned"],"_links":{"self":[{"href":"https:\/\/ideareppu.mobiesmart.fi\/fi\/wp-json\/wp\/v2\/pages\/24","targetHints":{"allow":["GET"]}}],"collection":[{"href":"https:\/\/ideareppu.mobiesmart.fi\/fi\/wp-json\/wp\/v2\/pages"}],"about":[{"href":"https:\/\/ideareppu.mobiesmart.fi\/fi\/wp-json\/wp\/v2\/types\/page"}],"author":[{"embeddable":true,"href":"https:\/\/ideareppu.mobiesmart.fi\/fi\/wp-json\/wp\/v2\/users\/1"}],"replies":[{"embeddable":true,"href":"https:\/\/ideareppu.mobiesmart.fi\/fi\/wp-json\/wp\/v2\/comments?post=24"}],"version-history":[{"count":42,"href":"https:\/\/ideareppu.mobiesmart.fi\/fi\/wp-json\/wp\/v2\/pages\/24\/revisions"}],"predecessor-version":[{"id":8536,"href":"https:\/\/ideareppu.mobiesmart.fi\/fi\/wp-json\/wp\/v2\/pages\/24\/revisions\/8536"}],"wp:attachment":[{"href":"https:\/\/ideareppu.mobiesmart.fi\/fi\/wp-json\/wp\/v2\/media?parent=24"}],"curies":[{"name":"wp","href":"https:\/\/api.w.org\/{rel}","templated":true}]}}